{"id":100,"date":"2019-11-17T17:32:00","date_gmt":"2019-11-17T16:32:00","guid":{"rendered":"http:\/\/vitusstueberl.ostner-datacenter.de\/?page_id=100"},"modified":"2020-02-13T21:30:57","modified_gmt":"2020-02-13T20:30:57","slug":"impressum","status":"publish","type":"page","link":"https:\/\/vitusstueberl.de\/?page_id=100","title":{"rendered":"Impressum"},"content":{"rendered":"<p>[et_pb_section fb_built=&#8220;1&#8243; _builder_version=&#8220;3.19.17&#8243;][et_pb_row _builder_version=&#8220;3.19.17&#8243;][et_pb_column type=&#8220;4_4&#8243; _builder_version=&#8220;3.19.17&#8243;][et_pb_text _builder_version=&#8220;3.19.17&#8243;]<\/p>\n<h2>Impressum<\/h2>\n<h4>Angaben gem\u00e4\u00df \u00a7 5 TMG<\/h4>\n<p>Roswitha Senftl<br \/> Gasthaus Vitusst\u00fcberl<br \/> Stadtplatz 24<br \/> 84494 Neumarkt-Sankt Veit<\/p>\n<h4>Kontakt<\/h4>\n<p>Telefon: +49 (0)8639 985430<br \/> E-Mail: <a href=\"mailto:info@vitusstueberl.de\">roswitha.senftl@gmx.de<\/a><\/p>\n<h4>Umsatzsteuer-ID<\/h4>\n<p>Umsatzsteuer-Identifikationsnummer gem\u00e4\u00df \u00a727 a Umsatzsteuergesetz:<br \/> DE-258627775<\/p>\n<h4>Streitschlichtung<\/h4>\n<p>Die Europ\u00e4ische Kommission stellt eine Plattform zur Online-Streitbeilegung (OS) bereit:<br \/> https:\/\/ec.europa.eu\/consumers\/odr.<br \/> Unsere E-Mail-Adresse finden Sie oben im Impressum.<br \/> Wir sind nicht bereit oder verpflichtet, an Streitbeilegungsverfahren vor einer<br \/> Verbraucherschlichtungsstelle teilzunehmen.<\/p>\n<h4>Haftung f\u00fcr Inhalte<\/h4>\n<p>Als Diensteanbieter sind wir gem\u00e4\u00df \u00a7 7 Abs.1 TMG f\u00fcr eigene Inhalte auf diesen Seiten nach den<br \/> allgemeinen Gesetzen verantwortlich. Nach \u00a7\u00a7 8 bis 10 TMG sind wir als Diensteanbieter jedoch nicht<br \/> verpflichtet, \u00fcbermittelte oder gespeicherte fremde Informationen zu \u00fcberwachen oder nach Umst\u00e4nden zu<br \/> forschen, die auf eine rechtswidrige T\u00e4tigkeit hinweisen.<br \/> Verpflichtungen zur Entfernung oder Sperrung der Nutzung von Informationen nach den allgemeinen<br \/> Gesetzen bleiben hiervon unber\u00fchrt. Eine diesbez\u00fcgliche Haftung ist jedoch erst ab dem Zeitpunkt der<br \/> Kenntnis einer konkreten Rechtsverletzung m\u00f6glich. Bei Bekanntwerden von entsprechenden<br \/> Rechtsverletzungen werden wir diese Inhalte umgehend entfernen.<\/p>\n<h4>Haftung f\u00fcr Links<\/h4>\n<p>Unser Angebot enth\u00e4lt Links zu externen Websites Dritter, auf deren Inhalte wir keinen Einfluss haben.<br \/> Deshalb k\u00f6nnen wir f\u00fcr diese fremden Inhalte auch keine Gew\u00e4hr \u00fcbernehmen. F\u00fcr die Inhalte der<br \/> verlinkten Seiten ist stets der jeweilige Anbieter oder Betreiber der Seiten verantwortlich. Die verlinkten<br \/> Seiten wurden zum Zeitpunkt der Verlinkung auf m\u00f6gliche Rechtsverst\u00f6\u00dfe \u00fcberpr\u00fcft. Rechtswidrige Inhalte<br \/> waren zum Zeitpunkt der Verlinkung nicht erkennbar.<br \/> Eine permanente inhaltliche Kontrolle der verlinkten Seiten ist jedoch ohne konkrete Anhaltspunkte einer<br \/> Rechtsverletzung nicht zumutbar. Bei Bekanntwerden von Rechtsverletzungen werden wir derartige Links<br \/> umgehend entfernen.<\/p>\n<h4>Urheberrecht<\/h4>\n<p>Die durch die Seitenbetreiber erstellten Inhalte und Werke auf diesen Seiten unterliegen dem deutschen<br \/> Urheberrecht. Die Vervielf\u00e4ltigung, Bearbeitung, Verbreitung und jede Art der Verwertung au\u00dferhalb der<br \/> Grenzen des Urheberrechtes bed\u00fcrfen der schriftlichen Zustimmung des jeweiligen Autors bzw. Erstellers.<br \/> Downloads und Kopien dieser Seite sind nur f\u00fcr den privaten, nicht kommerziellen Gebrauch gestattet.<br \/> Soweit die Inhalte auf dieser Seite nicht vom Betreiber erstellt wurden, werden die Urheberrechte Dritter<br \/> beachtet. Insbesondere werden Inhalte Dritter als solche gekennzeichnet. Sollten Sie trotzdem auf eine<br \/> Urheberrechtsverletzung aufmerksam werden, bitten wir um einen entsprechenden Hinweis. Bei<br \/> Bekanntwerden von Rechtsverletzungen werden wir derartige Inhalte umgehend entfernen.<\/p>\n<p>[\/et_pb_text][\/et_pb_column][\/et_pb_row][\/et_pb_section]<\/p>\n","protected":false},"excerpt":{"rendered":"<p>[et_pb_section fb_built=&#8220;1&#8243; _builder_version=&#8220;3.19.17&#8243;][et_pb_row _builder_version=&#8220;3.19.17&#8243;][et_pb_column type=&#8220;4_4&#8243; _builder_version=&#8220;3.19.17&#8243;][et_pb_text _builder_version=&#8220;3.19.17&#8243;] Impressum Angaben gem\u00e4\u00df \u00a7 5 TMG Roswitha Senftl Gasthaus Vitusst\u00fcberl Stadtplatz 24 84494 Neumarkt-Sankt Veit Kontakt Telefon: +49 (0)8639 985430 E-Mail: roswitha.senftl@gmx.de Umsatzsteuer-ID Umsatzsteuer-Identifikationsnummer gem\u00e4\u00df \u00a727 a Umsatzsteuergesetz: DE-258627775 Streitschlichtung Die Europ\u00e4ische Kommission stellt eine Plattform zur Online-Streitbeilegung (OS) bereit: https:\/\/ec.europa.eu\/consumers\/odr. Unsere E-Mail-Adresse finden Sie oben im Impressum. [&hellip;]<\/p>\n","protected":false},"author":3,"featured_media":0,"parent":0,"menu_order":0,"comment_status":"closed","ping_status":"closed","template":"","meta":{"_et_pb_use_builder":"on","_et_pb_old_content":"","_themeisle_gutenberg_block_has_review":false,"footnotes":""},"class_list":["post-100","page","type-page","status-publish","hentry"],"yoast_head":"<!-- This site is optimized with the Yoast SEO plugin v27.5 - https:\/\/yoast.com\/product\/yoast-seo-wordpress\/ -->\n<title>Impressum - Vitusst\u00fcberl - Ihr Gasthaus in Neumarkt-Sankt Veit<\/title>\n<meta name=\"robots\" content=\"index, follow, max-snippet:-1, max-image-preview:large, max-video-preview:-1\" \/>\n<link rel=\"canonical\" href=\"https:\/\/vitusstueberl.de\/?page_id=100\" \/>\n<meta property=\"og:locale\" content=\"de_DE\" \/>\n<meta property=\"og:type\" content=\"article\" \/>\n<meta property=\"og:title\" content=\"Impressum - Vitusst\u00fcberl - Ihr Gasthaus in Neumarkt-Sankt Veit\" \/>\n<meta property=\"og:description\" content=\"[et_pb_section fb_built=&#8220;1&#8243; _builder_version=&#8220;3.19.17&#8243;][et_pb_row _builder_version=&#8220;3.19.17&#8243;][et_pb_column type=&#8220;4_4&#8243; _builder_version=&#8220;3.19.17&#8243;][et_pb_text _builder_version=&#8220;3.19.17&#8243;] Impressum Angaben gem\u00e4\u00df \u00a7 5 TMG Roswitha Senftl Gasthaus Vitusst\u00fcberl Stadtplatz 24 84494 Neumarkt-Sankt Veit Kontakt Telefon: +49 (0)8639 985430 E-Mail: roswitha.senftl@gmx.de Umsatzsteuer-ID Umsatzsteuer-Identifikationsnummer gem\u00e4\u00df \u00a727 a Umsatzsteuergesetz: DE-258627775 Streitschlichtung Die Europ\u00e4ische Kommission stellt eine Plattform zur Online-Streitbeilegung (OS) bereit: https:\/\/ec.europa.eu\/consumers\/odr. Unsere E-Mail-Adresse finden Sie oben im Impressum. [&hellip;]\" \/>\n<meta property=\"og:url\" content=\"https:\/\/vitusstueberl.de\/?page_id=100\" \/>\n<meta property=\"og:site_name\" content=\"Vitusst\u00fcberl - Ihr Gasthaus in Neumarkt-Sankt Veit\" \/>\n<meta property=\"article:modified_time\" content=\"2020-02-13T20:30:57+00:00\" \/>\n<meta name=\"twitter:card\" content=\"summary_large_image\" \/>\n<meta name=\"twitter:label1\" content=\"Gesch\u00e4tzte Lesezeit\" \/>\n\t<meta name=\"twitter:data1\" content=\"2\u00a0Minuten\" \/>\n<script type=\"application\/ld+json\" class=\"yoast-schema-graph\">{\"@context\":\"https:\\\/\\\/schema.org\",\"@graph\":[{\"@type\":\"WebPage\",\"@id\":\"https:\\\/\\\/vitusstueberl.de\\\/?page_id=100\",\"url\":\"https:\\\/\\\/vitusstueberl.de\\\/?page_id=100\",\"name\":\"Impressum - Vitusst\u00fcberl - Ihr Gasthaus in Neumarkt-Sankt Veit\",\"isPartOf\":{\"@id\":\"https:\\\/\\\/vitusstueberl.de\\\/#website\"},\"datePublished\":\"2019-11-17T16:32:00+00:00\",\"dateModified\":\"2020-02-13T20:30:57+00:00\",\"breadcrumb\":{\"@id\":\"https:\\\/\\\/vitusstueberl.de\\\/?page_id=100#breadcrumb\"},\"inLanguage\":\"de\",\"potentialAction\":[{\"@type\":\"ReadAction\",\"target\":[\"https:\\\/\\\/vitusstueberl.de\\\/?page_id=100\"]}]},{\"@type\":\"BreadcrumbList\",\"@id\":\"https:\\\/\\\/vitusstueberl.de\\\/?page_id=100#breadcrumb\",\"itemListElement\":[{\"@type\":\"ListItem\",\"position\":1,\"name\":\"Startseite\",\"item\":\"https:\\\/\\\/vitusstueberl.de\\\/\"},{\"@type\":\"ListItem\",\"position\":2,\"name\":\"Impressum\"}]},{\"@type\":\"WebSite\",\"@id\":\"https:\\\/\\\/vitusstueberl.de\\\/#website\",\"url\":\"https:\\\/\\\/vitusstueberl.de\\\/\",\"name\":\"Vitusst\u00fcberl - Ihr Gasthaus in Neumarkt-Sankt Veit\",\"description\":\"Gasthaus, Cafe und G\u00e4stezimmer\",\"potentialAction\":[{\"@type\":\"SearchAction\",\"target\":{\"@type\":\"EntryPoint\",\"urlTemplate\":\"https:\\\/\\\/vitusstueberl.de\\\/?s={search_term_string}\"},\"query-input\":{\"@type\":\"PropertyValueSpecification\",\"valueRequired\":true,\"valueName\":\"search_term_string\"}}],\"inLanguage\":\"de\"}]}<\/script>\n<!-- \/ Yoast SEO plugin. -->","yoast_head_json":{"title":"Impressum - Vitusst\u00fcberl - Ihr Gasthaus in Neumarkt-Sankt Veit","robots":{"index":"index","follow":"follow","max-snippet":"max-snippet:-1","max-image-preview":"max-image-preview:large","max-video-preview":"max-video-preview:-1"},"canonical":"https:\/\/vitusstueberl.de\/?page_id=100","og_locale":"de_DE","og_type":"article","og_title":"Impressum - Vitusst\u00fcberl - Ihr Gasthaus in Neumarkt-Sankt Veit","og_description":"[et_pb_section fb_built=&#8220;1&#8243; _builder_version=&#8220;3.19.17&#8243;][et_pb_row _builder_version=&#8220;3.19.17&#8243;][et_pb_column type=&#8220;4_4&#8243; _builder_version=&#8220;3.19.17&#8243;][et_pb_text _builder_version=&#8220;3.19.17&#8243;] Impressum Angaben gem\u00e4\u00df \u00a7 5 TMG Roswitha Senftl Gasthaus Vitusst\u00fcberl Stadtplatz 24 84494 Neumarkt-Sankt Veit Kontakt Telefon: +49 (0)8639 985430 E-Mail: roswitha.senftl@gmx.de Umsatzsteuer-ID Umsatzsteuer-Identifikationsnummer gem\u00e4\u00df \u00a727 a Umsatzsteuergesetz: DE-258627775 Streitschlichtung Die Europ\u00e4ische Kommission stellt eine Plattform zur Online-Streitbeilegung (OS) bereit: https:\/\/ec.europa.eu\/consumers\/odr. Unsere E-Mail-Adresse finden Sie oben im Impressum. [&hellip;]","og_url":"https:\/\/vitusstueberl.de\/?page_id=100","og_site_name":"Vitusst\u00fcberl - Ihr Gasthaus in Neumarkt-Sankt Veit","article_modified_time":"2020-02-13T20:30:57+00:00","twitter_card":"summary_large_image","twitter_misc":{"Gesch\u00e4tzte Lesezeit":"2\u00a0Minuten"},"schema":{"@context":"https:\/\/schema.org","@graph":[{"@type":"WebPage","@id":"https:\/\/vitusstueberl.de\/?page_id=100","url":"https:\/\/vitusstueberl.de\/?page_id=100","name":"Impressum - Vitusst\u00fcberl - Ihr Gasthaus in Neumarkt-Sankt Veit","isPartOf":{"@id":"https:\/\/vitusstueberl.de\/#website"},"datePublished":"2019-11-17T16:32:00+00:00","dateModified":"2020-02-13T20:30:57+00:00","breadcrumb":{"@id":"https:\/\/vitusstueberl.de\/?page_id=100#breadcrumb"},"inLanguage":"de","potentialAction":[{"@type":"ReadAction","target":["https:\/\/vitusstueberl.de\/?page_id=100"]}]},{"@type":"BreadcrumbList","@id":"https:\/\/vitusstueberl.de\/?page_id=100#breadcrumb","itemListElement":[{"@type":"ListItem","position":1,"name":"Startseite","item":"https:\/\/vitusstueberl.de\/"},{"@type":"ListItem","position":2,"name":"Impressum"}]},{"@type":"WebSite","@id":"https:\/\/vitusstueberl.de\/#website","url":"https:\/\/vitusstueberl.de\/","name":"Vitusst\u00fcberl - Ihr Gasthaus in Neumarkt-Sankt Veit","description":"Gasthaus, Cafe und G\u00e4stezimmer","potentialAction":[{"@type":"SearchAction","target":{"@type":"EntryPoint","urlTemplate":"https:\/\/vitusstueberl.de\/?s={search_term_string}"},"query-input":{"@type":"PropertyValueSpecification","valueRequired":true,"valueName":"search_term_string"}}],"inLanguage":"de"}]}},"_links":{"self":[{"href":"https:\/\/vitusstueberl.de\/index.php?rest_route=\/wp\/v2\/pages\/100","targetHints":{"allow":["GET"]}}],"collection":[{"href":"https:\/\/vitusstueberl.de\/index.php?rest_route=\/wp\/v2\/pages"}],"about":[{"href":"https:\/\/vitusstueberl.de\/index.php?rest_route=\/wp\/v2\/types\/page"}],"author":[{"embeddable":true,"href":"https:\/\/vitusstueberl.de\/index.php?rest_route=\/wp\/v2\/users\/3"}],"replies":[{"embeddable":true,"href":"https:\/\/vitusstueberl.de\/index.php?rest_route=%2Fwp%2Fv2%2Fcomments&post=100"}],"version-history":[{"count":6,"href":"https:\/\/vitusstueberl.de\/index.php?rest_route=\/wp\/v2\/pages\/100\/revisions"}],"predecessor-version":[{"id":211,"href":"https:\/\/vitusstueberl.de\/index.php?rest_route=\/wp\/v2\/pages\/100\/revisions\/211"}],"wp:attachment":[{"href":"https:\/\/vitusstueberl.de\/index.php?rest_route=%2Fwp%2Fv2%2Fmedia&parent=100"}],"curies":[{"name":"wp","href":"https:\/\/api.w.org\/{rel}","templated":true}]}}