{"id":23,"date":"2019-11-14T21:44:27","date_gmt":"2019-11-14T20:44:27","guid":{"rendered":"http:\/\/vitusstueberl.ostner-datacenter.de\/?page_id=23"},"modified":"2023-09-28T23:24:41","modified_gmt":"2023-09-28T21:24:41","slug":"home","status":"publish","type":"page","link":"https:\/\/vitusstueberl.de\/","title":{"rendered":"Startseite"},"content":{"rendered":"<p>[et_pb_section fb_built=&#8220;1&#8243; _builder_version=&#8220;3.19.17&#8243; custom_padding=&#8220;54px|0px|0|0px|false|false&#8220;][et_pb_row _builder_version=&#8220;3.19.17&#8243;][et_pb_column type=&#8220;4_4&#8243; _builder_version=&#8220;3.19.17&#8243;][et_pb_text _builder_version=&#8220;3.19.17&#8243; text_font=&#8220;||||||||&#8220;]<\/p>\n<p style=\"text-align: center;\"><span style=\"font-size: large;\"><strong>Herzlich willkommen im Gasthaus und Cafe Vitusst\u00fcberl in Neumarkt-St. Veit<\/strong><\/span><\/p>\n<p>[\/et_pb_text][\/et_pb_column][\/et_pb_row][et_pb_row _builder_version=&#8220;3.19.17&#8243;][et_pb_column type=&#8220;3_5&#8243; _builder_version=&#8220;3.19.17&#8243;][et_pb_text _builder_version=&#8220;3.19.17&#8243;]<\/p>\n<p style=\"text-align: center;\"><strong>Meine lieben G\u00e4ste,<\/strong><br \/> das Vitusst\u00fcberl bietet Ihnen mit seinen 80 Sitzpl\u00e4tzen im Haus und w\u00e4hrend der Sommermonate eine Terrasse am Stadtplatz sowie einen \u00fcberdachten Hofgarten die M\u00f6glichkeit, in gem\u00fctlicher Atmosph\u00e4re, freundlicher Bedienung und g\u00fcnstigen Preisen, ein paar sch\u00f6ne Stunden zu verbringen.<\/p>\n<p>[\/et_pb_text][\/et_pb_column][et_pb_column type=&#8220;2_5&#8243; _builder_version=&#8220;3.19.17&#8243;][et_pb_image align=&#8220;center&#8220; max_width=&#8220;50%&#8220; src=&#8220;https:\/\/vitusstueberl.de\/wp-content\/uploads\/2019\/11\/Senftl_Roswitha_Home.jpg&#8220; _builder_version=&#8220;3.19.17&#8243;][\/et_pb_image][\/et_pb_column][\/et_pb_row][et_pb_row _builder_version=&#8220;3.19.17&#8243;][et_pb_column type=&#8220;1_4&#8243; _builder_version=&#8220;3.19.17&#8243;][et_pb_image src=&#8220;https:\/\/vitusstueberl.de\/wp-content\/uploads\/2019\/11\/Gastraum_2-1.jpg&#8220; _builder_version=&#8220;3.19.17&#8243;][\/et_pb_image][\/et_pb_column][et_pb_column type=&#8220;1_4&#8243; _builder_version=&#8220;3.19.17&#8243;][et_pb_image src=&#8220;https:\/\/vitusstueberl.de\/wp-content\/uploads\/2019\/11\/Garten_1.jpg&#8220; _builder_version=&#8220;3.19.17&#8243;][\/et_pb_image][\/et_pb_column][et_pb_column type=&#8220;1_4&#8243; _builder_version=&#8220;3.19.17&#8243;][et_pb_image src=&#8220;https:\/\/vitusstueberl.de\/wp-content\/uploads\/2019\/11\/Gastraum_3-1.jpg&#8220; _builder_version=&#8220;3.19.17&#8243;][\/et_pb_image][\/et_pb_column][et_pb_column type=&#8220;1_4&#8243; _builder_version=&#8220;3.19.17&#8243;][et_pb_image src=&#8220;https:\/\/vitusstueberl.de\/wp-content\/uploads\/2019\/11\/Unbenannt.png&#8220; _builder_version=&#8220;3.19.17&#8243;][\/et_pb_image][\/et_pb_column][\/et_pb_row][et_pb_row custom_padding=&#8220;27px|0px|56px|0px|false|false&#8220; _builder_version=&#8220;3.19.17&#8243;][et_pb_column type=&#8220;1_3&#8243; _builder_version=&#8220;3.19.17&#8243;][et_pb_image src=&#8220;https:\/\/vitusstueberl.ostner-datacenter.de\/wp-content\/uploads\/2019\/11\/Gastraum_3-1.jpg&#8220; _builder_version=&#8220;3.19.17&#8243;][\/et_pb_image][\/et_pb_column][et_pb_column type=&#8220;1_3&#8243; _builder_version=&#8220;3.19.17&#8243;][et_pb_image src=&#8220;https:\/\/vitusstueberl.ostner-datacenter.de\/wp-content\/uploads\/2019\/11\/Gastraum_1.jpg&#8220; _builder_version=&#8220;3.19.17&#8243;][\/et_pb_image][\/et_pb_column][et_pb_column type=&#8220;1_3&#8243; _builder_version=&#8220;3.19.17&#8243;][et_pb_image src=&#8220;https:\/\/vitusstueberl.ostner-datacenter.de\/wp-content\/uploads\/2019\/11\/Gastraum_4.jpg&#8220; _builder_version=&#8220;3.19.17&#8243;][\/et_pb_image][\/et_pb_column][\/et_pb_row][et_pb_row custom_padding=&#8220;0|0px|53px|0px|false|false&#8220; _builder_version=&#8220;3.19.17&#8243;][et_pb_column type=&#8220;1_3&#8243; _builder_version=&#8220;3.19.17&#8243;][et_pb_image src=&#8220;https:\/\/vitusstueberl.ostner-datacenter.de\/wp-content\/uploads\/2019\/11\/Terasse_1.jpg&#8220; _builder_version=&#8220;3.19.17&#8243;][\/et_pb_image][\/et_pb_column][et_pb_column type=&#8220;1_3&#8243; _builder_version=&#8220;3.19.17&#8243;][et_pb_image src=&#8220;https:\/\/vitusstueberl.ostner-datacenter.de\/wp-content\/uploads\/2019\/11\/Garten_1.jpg&#8220; _builder_version=&#8220;3.19.17&#8243;][\/et_pb_image][\/et_pb_column][et_pb_column type=&#8220;1_3&#8243; _builder_version=&#8220;3.19.17&#8243;][et_pb_image src=&#8220;https:\/\/vitusstueberl.ostner-datacenter.de\/wp-content\/uploads\/2019\/11\/Gastraum_2.jpg&#8220; _builder_version=&#8220;3.19.17&#8243;][\/et_pb_image][\/et_pb_column][\/et_pb_row][\/et_pb_section]<\/p>\n","protected":false},"excerpt":{"rendered":"<p>[et_pb_section fb_built=&#8220;1&#8243; _builder_version=&#8220;3.19.17&#8243; custom_padding=&#8220;54px|0px|0|0px|false|false&#8220;][et_pb_row _builder_version=&#8220;3.19.17&#8243;][et_pb_column type=&#8220;4_4&#8243; _builder_version=&#8220;3.19.17&#8243;][et_pb_text _builder_version=&#8220;3.19.17&#8243; text_font=&#8220;||||||||&#8220;] Herzlich willkommen im Gasthaus und Cafe Vitusst\u00fcberl in Neumarkt-St. Veit [\/et_pb_text][\/et_pb_column][\/et_pb_row][et_pb_row _builder_version=&#8220;3.19.17&#8243;][et_pb_column type=&#8220;3_5&#8243; _builder_version=&#8220;3.19.17&#8243;][et_pb_text _builder_version=&#8220;3.19.17&#8243;] Meine lieben G\u00e4ste, das Vitusst\u00fcberl bietet Ihnen mit seinen 80 Sitzpl\u00e4tzen im Haus und w\u00e4hrend der Sommermonate eine Terrasse am Stadtplatz sowie einen \u00fcberdachten Hofgarten die M\u00f6glichkeit, in gem\u00fctlicher Atmosph\u00e4re, freundlicher [&hellip;]<\/p>\n","protected":false},"author":3,"featured_media":0,"parent":0,"menu_order":1,"comment_status":"closed","ping_status":"closed","template":"","meta":{"_et_pb_use_builder":"on","_et_pb_old_content":"","_themeisle_gutenberg_block_has_review":false,"footnotes":""},"class_list":["post-23","page","type-page","status-publish","hentry"],"yoast_head":"<!-- This site is optimized with the Yoast SEO plugin v27.5 - https:\/\/yoast.com\/product\/yoast-seo-wordpress\/ -->\n<title>Startseite - Vitusst\u00fcberl - Ihr Gasthaus in Neumarkt-Sankt Veit<\/title>\n<meta name=\"robots\" content=\"index, follow, max-snippet:-1, max-image-preview:large, max-video-preview:-1\" \/>\n<link rel=\"canonical\" href=\"https:\/\/vitusstueberl.de\/\" \/>\n<meta property=\"og:locale\" content=\"de_DE\" \/>\n<meta property=\"og:type\" content=\"article\" \/>\n<meta property=\"og:title\" content=\"Startseite - Vitusst\u00fcberl - Ihr Gasthaus in Neumarkt-Sankt Veit\" \/>\n<meta property=\"og:description\" content=\"[et_pb_section fb_built=&#8220;1&#8243; _builder_version=&#8220;3.19.17&#8243; custom_padding=&#8220;54px|0px|0|0px|false|false&#8220;][et_pb_row _builder_version=&#8220;3.19.17&#8243;][et_pb_column type=&#8220;4_4&#8243; _builder_version=&#8220;3.19.17&#8243;][et_pb_text _builder_version=&#8220;3.19.17&#8243; text_font=&#8220;||||||||&#8220;] Herzlich willkommen im Gasthaus und Cafe Vitusst\u00fcberl in Neumarkt-St. Veit [\/et_pb_text][\/et_pb_column][\/et_pb_row][et_pb_row _builder_version=&#8220;3.19.17&#8243;][et_pb_column type=&#8220;3_5&#8243; _builder_version=&#8220;3.19.17&#8243;][et_pb_text _builder_version=&#8220;3.19.17&#8243;] Meine lieben G\u00e4ste, das Vitusst\u00fcberl bietet Ihnen mit seinen 80 Sitzpl\u00e4tzen im Haus und w\u00e4hrend der Sommermonate eine Terrasse am Stadtplatz sowie einen \u00fcberdachten Hofgarten die M\u00f6glichkeit, in gem\u00fctlicher Atmosph\u00e4re, freundlicher [&hellip;]\" \/>\n<meta property=\"og:url\" content=\"https:\/\/vitusstueberl.de\/\" \/>\n<meta property=\"og:site_name\" content=\"Vitusst\u00fcberl - Ihr Gasthaus in Neumarkt-Sankt Veit\" \/>\n<meta property=\"article:modified_time\" content=\"2023-09-28T21:24:41+00:00\" \/>\n<meta name=\"twitter:card\" content=\"summary_large_image\" \/>\n<meta name=\"twitter:label1\" content=\"Gesch\u00e4tzte Lesezeit\" \/>\n\t<meta name=\"twitter:data1\" content=\"2\u00a0Minuten\" \/>\n<script type=\"application\/ld+json\" class=\"yoast-schema-graph\">{\"@context\":\"https:\\\/\\\/schema.org\",\"@graph\":[{\"@type\":\"WebPage\",\"@id\":\"https:\\\/\\\/vitusstueberl.de\\\/\",\"url\":\"https:\\\/\\\/vitusstueberl.de\\\/\",\"name\":\"Startseite - Vitusst\u00fcberl - Ihr Gasthaus in Neumarkt-Sankt Veit\",\"isPartOf\":{\"@id\":\"https:\\\/\\\/vitusstueberl.de\\\/#website\"},\"datePublished\":\"2019-11-14T20:44:27+00:00\",\"dateModified\":\"2023-09-28T21:24:41+00:00\",\"breadcrumb\":{\"@id\":\"https:\\\/\\\/vitusstueberl.de\\\/#breadcrumb\"},\"inLanguage\":\"de\",\"potentialAction\":[{\"@type\":\"ReadAction\",\"target\":[\"https:\\\/\\\/vitusstueberl.de\\\/\"]}]},{\"@type\":\"BreadcrumbList\",\"@id\":\"https:\\\/\\\/vitusstueberl.de\\\/#breadcrumb\",\"itemListElement\":[{\"@type\":\"ListItem\",\"position\":1,\"name\":\"Startseite\",\"item\":\"https:\\\/\\\/vitusstueberl.de\\\/\"},{\"@type\":\"ListItem\",\"position\":2,\"name\":\"Startseite\"}]},{\"@type\":\"WebSite\",\"@id\":\"https:\\\/\\\/vitusstueberl.de\\\/#website\",\"url\":\"https:\\\/\\\/vitusstueberl.de\\\/\",\"name\":\"Vitusst\u00fcberl - Ihr Gasthaus in Neumarkt-Sankt Veit\",\"description\":\"Gasthaus, Cafe und G\u00e4stezimmer\",\"potentialAction\":[{\"@type\":\"SearchAction\",\"target\":{\"@type\":\"EntryPoint\",\"urlTemplate\":\"https:\\\/\\\/vitusstueberl.de\\\/?s={search_term_string}\"},\"query-input\":{\"@type\":\"PropertyValueSpecification\",\"valueRequired\":true,\"valueName\":\"search_term_string\"}}],\"inLanguage\":\"de\"}]}<\/script>\n<!-- \/ Yoast SEO plugin. -->","yoast_head_json":{"title":"Startseite - Vitusst\u00fcberl - Ihr Gasthaus in Neumarkt-Sankt Veit","robots":{"index":"index","follow":"follow","max-snippet":"max-snippet:-1","max-image-preview":"max-image-preview:large","max-video-preview":"max-video-preview:-1"},"canonical":"https:\/\/vitusstueberl.de\/","og_locale":"de_DE","og_type":"article","og_title":"Startseite - Vitusst\u00fcberl - Ihr Gasthaus in Neumarkt-Sankt Veit","og_description":"[et_pb_section fb_built=&#8220;1&#8243; _builder_version=&#8220;3.19.17&#8243; custom_padding=&#8220;54px|0px|0|0px|false|false&#8220;][et_pb_row _builder_version=&#8220;3.19.17&#8243;][et_pb_column type=&#8220;4_4&#8243; _builder_version=&#8220;3.19.17&#8243;][et_pb_text _builder_version=&#8220;3.19.17&#8243; text_font=&#8220;||||||||&#8220;] Herzlich willkommen im Gasthaus und Cafe Vitusst\u00fcberl in Neumarkt-St. Veit [\/et_pb_text][\/et_pb_column][\/et_pb_row][et_pb_row _builder_version=&#8220;3.19.17&#8243;][et_pb_column type=&#8220;3_5&#8243; _builder_version=&#8220;3.19.17&#8243;][et_pb_text _builder_version=&#8220;3.19.17&#8243;] Meine lieben G\u00e4ste, das Vitusst\u00fcberl bietet Ihnen mit seinen 80 Sitzpl\u00e4tzen im Haus und w\u00e4hrend der Sommermonate eine Terrasse am Stadtplatz sowie einen \u00fcberdachten Hofgarten die M\u00f6glichkeit, in gem\u00fctlicher Atmosph\u00e4re, freundlicher [&hellip;]","og_url":"https:\/\/vitusstueberl.de\/","og_site_name":"Vitusst\u00fcberl - Ihr Gasthaus in Neumarkt-Sankt Veit","article_modified_time":"2023-09-28T21:24:41+00:00","twitter_card":"summary_large_image","twitter_misc":{"Gesch\u00e4tzte Lesezeit":"2\u00a0Minuten"},"schema":{"@context":"https:\/\/schema.org","@graph":[{"@type":"WebPage","@id":"https:\/\/vitusstueberl.de\/","url":"https:\/\/vitusstueberl.de\/","name":"Startseite - Vitusst\u00fcberl - Ihr Gasthaus in Neumarkt-Sankt Veit","isPartOf":{"@id":"https:\/\/vitusstueberl.de\/#website"},"datePublished":"2019-11-14T20:44:27+00:00","dateModified":"2023-09-28T21:24:41+00:00","breadcrumb":{"@id":"https:\/\/vitusstueberl.de\/#breadcrumb"},"inLanguage":"de","potentialAction":[{"@type":"ReadAction","target":["https:\/\/vitusstueberl.de\/"]}]},{"@type":"BreadcrumbList","@id":"https:\/\/vitusstueberl.de\/#breadcrumb","itemListElement":[{"@type":"ListItem","position":1,"name":"Startseite","item":"https:\/\/vitusstueberl.de\/"},{"@type":"ListItem","position":2,"name":"Startseite"}]},{"@type":"WebSite","@id":"https:\/\/vitusstueberl.de\/#website","url":"https:\/\/vitusstueberl.de\/","name":"Vitusst\u00fcberl - Ihr Gasthaus in Neumarkt-Sankt Veit","description":"Gasthaus, Cafe und G\u00e4stezimmer","potentialAction":[{"@type":"SearchAction","target":{"@type":"EntryPoint","urlTemplate":"https:\/\/vitusstueberl.de\/?s={search_term_string}"},"query-input":{"@type":"PropertyValueSpecification","valueRequired":true,"valueName":"search_term_string"}}],"inLanguage":"de"}]}},"_links":{"self":[{"href":"https:\/\/vitusstueberl.de\/index.php?rest_route=\/wp\/v2\/pages\/23","targetHints":{"allow":["GET"]}}],"collection":[{"href":"https:\/\/vitusstueberl.de\/index.php?rest_route=\/wp\/v2\/pages"}],"about":[{"href":"https:\/\/vitusstueberl.de\/index.php?rest_route=\/wp\/v2\/types\/page"}],"author":[{"embeddable":true,"href":"https:\/\/vitusstueberl.de\/index.php?rest_route=\/wp\/v2\/users\/3"}],"replies":[{"embeddable":true,"href":"https:\/\/vitusstueberl.de\/index.php?rest_route=%2Fwp%2Fv2%2Fcomments&post=23"}],"version-history":[{"count":18,"href":"https:\/\/vitusstueberl.de\/index.php?rest_route=\/wp\/v2\/pages\/23\/revisions"}],"predecessor-version":[{"id":380,"href":"https:\/\/vitusstueberl.de\/index.php?rest_route=\/wp\/v2\/pages\/23\/revisions\/380"}],"wp:attachment":[{"href":"https:\/\/vitusstueberl.de\/index.php?rest_route=%2Fwp%2Fv2%2Fmedia&parent=23"}],"curies":[{"name":"wp","href":"https:\/\/api.w.org\/{rel}","templated":true}]}}